{"id":301,"date":"2026-02-08T19:01:00","date_gmt":"2026-02-08T19:01:00","guid":{"rendered":"https:\/\/www.darkdiamonds.cz\/?page_id=301"},"modified":"2026-02-18T14:10:27","modified_gmt":"2026-02-18T14:10:27","slug":"druhy-masazi","status":"publish","type":"page","link":"https:\/\/www.darkdiamonds.cz\/en\/druhy-masazi\/","title":{"rendered":"Druhy mas\u00e1\u017e\u00ed"},"content":{"rendered":"<p><\/p>\n\n\n\n<h2 class=\"wp-block-heading alignwide has-text-align-center\"><mark style=\"background-color:rgba(0, 0, 0, 0)\" class=\"has-inline-color has-secondary-color\"><em>Tantrick\u00e1 mas\u00e1\u017e &#8211; Prst\u00fdnek l\u00e1sky<\/em><\/mark><\/h2>\n\n\n\n<p class=\"has-text-align-center\">Jedine\u010dn\u00e1 mas\u00e1\u017e, kterou v Brn\u011b nenajdete, jedn\u00e1 se o relaxa\u010dn\u011b tantrickou mas\u00e1\u017e s p\u0159ekvapen\u00edm na z\u00e1v\u011br. Nechejte se h\u00fd\u010dkat mas\u00e9rkou a probu\u010fte jedine\u010dnou mas\u00e1\u017e s p\u0159ekvapen\u00edm na z\u00e1v\u011br. V\u011b\u0159\u00edme, \u017ee tuhle nab\u00eddku si tak\u00e9 obl\u00edb\u00edte. <\/p>\n\n\n\n<p class=\"has-text-align-center\">Nejedn\u00e1 se o sexu\u00e1ln\u00ed slu\u017eby,sex,or\u00e1l atd&#8230;.<\/p>\n\n\n\n<hr class=\"wp-block-separator has-alpha-channel-opacity\"\/>\n\n\n\n<h2 class=\"wp-block-heading alignwide has-text-align-center\"><em><mark style=\"background-color:rgba(0, 0, 0, 0)\" class=\"has-inline-color has-primary-color\">Relaxa\u010dn\u011b tantrick\u00e1 mas\u00e1\u017e<\/mark><\/em><\/h2>\n\n\n\n<p class=\"has-text-align-center\"><mark style=\"background-color:rgba(0, 0, 0, 0)\" class=\"has-inline-color has-primary-color\">Klasick\u00e1 mas\u00e1\u017e<\/mark> &#8211; bez dotek\u016f mas\u00e9rky.<\/p>\n\n\n\n<p class=\"has-text-align-center\"><mark style=\"background-color:rgba(0, 0, 0, 0)\" class=\"has-inline-color has-primary-color\">Vz\u00e1jemn\u00e1 mas\u00e1\u017e <\/mark>&#8211; s lehk\u00fdmi doteky mas\u00e9rky.<\/p>\n\n\n\n<p class=\"has-text-align-center\"><mark style=\"background-color:rgba(0, 0, 0, 0)\" class=\"has-inline-color has-primary-color\">15 minutov\u00e1 a 30 minutov\u00e1 mas\u00e1\u017e <\/mark>je zam\u011b\u0159en\u00e1 na pouze mas\u00e1\u017e penisu.<\/p>\n\n\n\n<p class=\"has-text-align-center\"><mark style=\"background-color:rgba(0, 0, 0, 0)\" class=\"has-inline-color has-primary-color\">Od 45 minut a v\u00edce<\/mark> u\u017e je relaxa\u010dn\u011b tantrick\u00e1 mas\u00e1\u017e v\u010detn\u011b body to body, aby byl z toho co nejv\u011bt\u0161\u00ed pro\u017eitek.<\/p>\n\n\n\n<div class=\"wp-block-media-text is-stacked-on-mobile\"><figure class=\"wp-block-media-text__media\"><img loading=\"lazy\" decoding=\"async\" width=\"683\" height=\"1024\" src=\"https:\/\/www.darkdiamonds.cz\/wp-content\/uploads\/2026\/02\/file_000000001ef871fda309371a6148d363-683x1024.png\" alt=\"\" class=\"wp-image-345 size-full\" srcset=\"https:\/\/www.darkdiamonds.cz\/wp-content\/uploads\/2026\/02\/file_000000001ef871fda309371a6148d363-683x1024.png 683w, https:\/\/www.darkdiamonds.cz\/wp-content\/uploads\/2026\/02\/file_000000001ef871fda309371a6148d363-200x300.png 200w, https:\/\/www.darkdiamonds.cz\/wp-content\/uploads\/2026\/02\/file_000000001ef871fda309371a6148d363-768x1152.png 768w, https:\/\/www.darkdiamonds.cz\/wp-content\/uploads\/2026\/02\/file_000000001ef871fda309371a6148d363-8x12.png 8w, https:\/\/www.darkdiamonds.cz\/wp-content\/uploads\/2026\/02\/file_000000001ef871fda309371a6148d363.png 1024w\" sizes=\"auto, (max-width: 683px) 100vw, 683px\" \/><\/figure><div class=\"wp-block-media-text__content\">\n<blockquote class=\"wp-block-quote is-layout-flow wp-block-quote-is-layout-flow\">\n<p><strong><mark style=\"background-color:rgba(0, 0, 0, 0)\" class=\"has-inline-color has-primary-color\">Pro je\u0161t\u011b hlub\u0161\u00ed pro\u017eitek a propojen\u00ed energi\u00ed<\/mark>, m\u016f\u017eete b\u011bhem mas\u00e1\u017ee vym\u011bnit role a namas\u00edrovat mas\u00e9rku.<\/strong><\/p>\n\n\n\n<p><strong><mark style=\"background-color:rgba(0, 0, 0, 0)\" class=\"has-inline-color has-primary-color\">Pro tuhle nab\u00eddku je pot\u0159eba \u0159\u00edct p\u0159edem mas\u00e9rce<\/mark>, aby se dala napl\u00e1novat mas\u00e1\u017e p\u0159\u00edmo na m\u00edru<\/strong>. <\/p>\n\n\n\n<p><strong>Tahle mas\u00e1\u017e je v cen\u011b u v\u0161ech nab\u00eddek mas\u00e1\u017e\u00ed a pouze <mark style=\"background-color:rgba(0, 0, 0, 0)\" class=\"has-inline-color has-primary-color\">vz\u00e1jemn\u00e9 mas\u00e1\u017ee<\/mark>.<\/strong><\/p>\n<\/blockquote>\n\n\n\n<p class=\"has-text-align-center\"><\/p>\n<\/div><\/div>","protected":false},"excerpt":{"rendered":"<p>Tantrick\u00e1 mas\u00e1\u017e &#8211; Prst\u00fdnek l\u00e1sky Jedine\u010dn\u00e1 mas\u00e1\u017e, kterou v Brn\u011b nenajdete, jedn\u00e1 se o relaxa\u010dn\u011b tantrickou mas\u00e1\u017e s p\u0159ekvapen\u00edm na z\u00e1v\u011br. Nechejte se h\u00fd\u010dkat mas\u00e9rkou a probu\u010fte jedine\u010dnou mas\u00e1\u017e s p\u0159ekvapen\u00edm na z\u00e1v\u011br. V\u011b\u0159\u00edme, \u017ee tuhle nab\u00eddku si tak\u00e9 obl\u00edb\u00edte. Nejedn\u00e1 se o sexu\u00e1ln\u00ed slu\u017eby,sex,or\u00e1l atd&#8230;. Relaxa\u010dn\u011b tantrick\u00e1 mas\u00e1\u017e Klasick\u00e1 mas\u00e1\u017e &#8211; bez dotek\u016f mas\u00e9rky. [&hellip;]<\/p>","protected":false},"author":1,"featured_media":0,"parent":0,"menu_order":0,"comment_status":"closed","ping_status":"closed","template":"page-with-title","meta":{"om_disable_all_campaigns":false,"_monsterinsights_skip_tracking":false,"_monsterinsights_sitenote_active":false,"_monsterinsights_sitenote_note":"","_monsterinsights_sitenote_category":0,"footnotes":""},"class_list":["post-301","page","type-page","status-publish","hentry"],"aioseo_notices":[],"_links":{"self":[{"href":"https:\/\/www.darkdiamonds.cz\/en\/wp-json\/wp\/v2\/pages\/301","targetHints":{"allow":["GET"]}}],"collection":[{"href":"https:\/\/www.darkdiamonds.cz\/en\/wp-json\/wp\/v2\/pages"}],"about":[{"href":"https:\/\/www.darkdiamonds.cz\/en\/wp-json\/wp\/v2\/types\/page"}],"author":[{"embeddable":true,"href":"https:\/\/www.darkdiamonds.cz\/en\/wp-json\/wp\/v2\/users\/1"}],"replies":[{"embeddable":true,"href":"https:\/\/www.darkdiamonds.cz\/en\/wp-json\/wp\/v2\/comments?post=301"}],"version-history":[{"count":15,"href":"https:\/\/www.darkdiamonds.cz\/en\/wp-json\/wp\/v2\/pages\/301\/revisions"}],"predecessor-version":[{"id":392,"href":"https:\/\/www.darkdiamonds.cz\/en\/wp-json\/wp\/v2\/pages\/301\/revisions\/392"}],"wp:attachment":[{"href":"https:\/\/www.darkdiamonds.cz\/en\/wp-json\/wp\/v2\/media?parent=301"}],"curies":[{"name":"wp","href":"https:\/\/api.w.org\/{rel}","templated":true}]}}