{"id":78,"date":"2026-01-22T14:05:42","date_gmt":"2026-01-22T14:05:42","guid":{"rendered":"https:\/\/www.darkdiamonds.cz\/o-nas\/"},"modified":"2026-02-21T15:48:04","modified_gmt":"2026-02-21T15:48:04","slug":"o-nas","status":"publish","type":"page","link":"https:\/\/www.darkdiamonds.cz\/en\/o-nas\/","title":{"rendered":"O n\u00e1s a nej\u010dast\u011bj\u0161\u00ed ot\u00e1zky ve sv\u011bt\u011b Dark Diamonds"},"content":{"rendered":"<div class=\"wp-block-group alignfull is-style-ext-preset--group--natural-1--section has-background-background-color has-background has-global-padding is-layout-constrained wp-block-group-is-layout-constrained\" id=\"o-nas\" style=\"margin-top:0;margin-bottom:0;padding-top:var(--wp--preset--spacing--70);padding-bottom:var(--wp--preset--spacing--70)\">\n<div class=\"wp-block-group alignwide is-vertical is-content-justification-center is-layout-flex wp-container-core-group-is-layout-c9ee0c5a wp-block-group-is-layout-flex\">\n<div class=\"wp-block-group has-global-padding is-layout-constrained wp-container-core-group-is-layout-2287c683 wp-block-group-is-layout-constrained\">\n<h2 class=\"wp-block-heading has-text-align-center\"><mark style=\"background-color:rgba(0, 0, 0, 0)\" class=\"has-inline-color has-secondary-color\">Dark Diamonds<\/mark><\/h2>\n\n\n\n<p class=\"has-text-align-center\"><\/p>\n\n\n\n<p class=\"has-text-align-left\">Jsme mas\u00e1\u017en\u00ed sal\u00f3n, kter\u00fd je zam\u011b\u0159en\u00fd na relaxa\u010dn\u011b tantrick\u00e9 mas\u00e1\u017ee. Rozhodli jsme se j\u00edt vlastn\u00ed cestou a skloubit to nejlep\u0161\u00ed ze dvou druh\u016f mas\u00e1\u017e\u00ed do jedn\u00e9 &#8211; jedine\u010dn\u00e9 mas\u00e1\u017ee.<\/p>\n\n\n\n<p class=\"has-text-align-left\"> Nehrajeme si na fale\u0161n\u00fd luxus nebo n\u011bco podobn\u00e9ho, prostor je u n\u00e1s \u010dist\u00fd a \u00fatuln\u00fd, aby jsi se c\u00edtil pohodln\u011b a v\u017edy v\u00edtan\u00fd. Jde n\u00e1m o poctivou pr\u00e1ci a tvou spokojenost.<\/p>\n\n\n\n<p class=\"has-text-align-left\"> \u017d\u00e1dn\u00e1 mas\u00e1\u017e nen\u00ed stejn\u00e1, v\u00edme, \u017ee ka\u017ed\u00fd klient je jin\u00fd, v\u00fdjime\u010dn\u00fd a m\u00e1 jin\u00e9 pot\u0159eby. Proto je tak\u00e9 ka\u017ed\u00e1 mas\u00e1\u017e jedine\u010dn\u00e1, individu\u00e1ln\u00ed a postaven\u00e1 p\u0159\u00edmo na m\u00edru klienta. I mal\u00e9 detaily d\u011blaj\u00ed obrovsk\u00fd rozd\u00edl.<\/p>\n\n\n\n<p class=\"has-text-align-left\">Chceme, aby jsi od n\u00e1s odch\u00e1zel s pocitem, \u017ee sis opravdu odpo\u010dinul, nabral novou a \u010distou energii a tv\u00e1 mysl byla \u010dist\u00e1.<\/p>\n\n\n\n<p class=\"has-text-align-left\">Stoj\u00ed za n\u00e1mi certifikovan\u00e1 zdravotn\u00ed mas\u00e9rka, kter\u00e1 m\u00e1 praxi v oboru. Star\u00e1 se o V\u00e1s a tak\u00e9 \u0161kol\u00ed dal\u0161\u00ed mas\u00e9rky, aby byla mas\u00e1\u017e v\u017edy 100%. Ani ona neusnula na vav\u0159\u00ednech a po\u0159\u00e1d se vzd\u011bl\u00e1v\u00e1 v oboru mas\u00e1\u017e\u00ed.<\/p>\n\n\n\n<p class=\"has-text-align-left\">N\u00e1\u0161 sal\u00f3n nen\u00ed pro ka\u017ed\u00e9ho, je pro ty, kte\u0159\u00ed hledaj\u00ed kvalitn\u00ed mas\u00e1\u017e s v\u011bdom\u00fdm dotekem bez sp\u011bchu a skute\u010dn\u011b relaxa\u010dn\u011b tantrick\u00fd z\u00e1\u017eitek, po kter\u00e9m se bude c\u00edtit jako znovuzrozen\u00fd.<\/p>\n\n\n\n<p class=\"has-text-align-center\"><mark style=\"background-color:rgba(0, 0, 0, 0)\" class=\"has-inline-color has-secondary-color\"><strong>I mal\u00e9 detaily d\u011blaj\u00ed obrovsk\u00fd rozd\u00edl.<\/strong><\/mark> <\/p>\n\n\n\n<p class=\"has-text-align-center\"><mark style=\"background-color:rgba(0, 0, 0, 0)\" class=\"has-inline-color has-secondary-color\"><strong>Dark Diamonds<\/strong><\/mark><\/p>\n<\/div>\n<\/div>\n\n\n\n<hr class=\"wp-block-separator has-alpha-channel-opacity\"\/>\n\n\n\n<details class=\"wp-block-details is-layout-flow wp-block-details-is-layout-flow\"><summary><strong>NEJ\u010cAST\u011aJ\u0160\u00cd OT\u00c1ZKY<\/strong><\/summary>\n<p><\/p>\n<\/details>\n\n\n\n<blockquote class=\"wp-block-quote is-layout-flow wp-block-quote-is-layout-flow\">\n<p><strong><mark style=\"background-color:rgba(0, 0, 0, 0)\" class=\"has-inline-color has-primary-color\">Jak prob\u00edh\u00e1 mas\u00e1\u017e ?<\/mark><\/strong><\/p>\n\n\n\n<p>Mas\u00e1\u017e za\u010d\u00edn\u00e1 relaxa\u010dn\u00ed mas\u00e1\u017e\u00ed zad s tepl\u00fdm olejem, kter\u00e1 p\u0159ejde postupn\u011b do tantrick\u00e9 mas\u00e1\u017ee, kde prvn\u011b si odpo\u010dine\u0161 a vypne\u0161 od negativn\u00ed energie, stresu a nap\u011bt\u00ed a stydlivost postupn\u011b sama odejde, aby si mohl nabrat novou a \u010distou energii. Pot\u00e9 n\u00e1sleduje h\u0159ejiv\u00e1 mas\u00e1\u017e t\u011blem, takzvan\u011b body to body a pot\u00e9 n\u00e1sleduje obl\u00edben\u00e1 \u010d\u00e1st mas\u00e1\u017e\u00ed penisu s vyvrcholen\u00edm na z\u00e1v\u011br.<\/p>\n\n\n\n<p><\/p>\n\n\n\n<p><mark style=\"background-color:rgba(0, 0, 0, 0)\" class=\"has-inline-color has-secondary-color\"><strong>Jak\u00fd olej pou\u017e\u00edv\u00e1me ?<\/strong><\/mark><\/p>\n\n\n\n<p>Olej pou\u017e\u00edv\u00e1me kvalitn\u00ed <mark style=\"background-color:rgba(0, 0, 0, 0)\" class=\"has-inline-color has-primary-color\"><strong>tepl\u00fd<\/strong><\/mark> a neparf\u00e9movan\u00fd, vhodn\u00fd pro citlivou poko\u017eku. M\u00e1 relaxa\u010dn\u00ed a uvol\u0148uj\u00edc\u00ed \u00fa\u010dinky a p\u0159\u00edzniv\u011b p\u016fsob\u00ed na poko\u017eku. <\/p>\n\n\n\n<p><\/p>\n\n\n\n<p><mark style=\"background-color:rgba(0, 0, 0, 0)\" class=\"has-inline-color has-secondary-color\"><strong>Budou i dal\u0161\u00ed novinky ? <\/strong><\/mark> <\/p>\n\n\n\n<p>Ano budou. Tohle nen\u00ed konec, proto n\u00e1s sleduj tady i na instagramu, aby ti nic neuteklo, kde se dozv\u00ed\u0161 v\u0161e jako prvn\u00ed o novink\u00e1ch.<\/p>\n\n\n\n<p><\/p>\n\n\n\n<p><strong><mark style=\"background-color:rgba(0, 0, 0, 0)\" class=\"has-inline-color has-primary-color\">Je probl\u00e9m v\u011bk, velikost ?<\/mark><\/strong><\/p>\n\n\n\n<p>U n\u00e1s na v\u011bk ani velikost p\u0159irozen\u00ed nehrajeme. Jen jedna podm\u00ednka mus\u00ed ti b\u00fdt v\u00edc jak 18+. Mas\u00e1\u017e je u n\u00e1s pro klienty, kte\u0159\u00ed si opravdu cht\u011bj\u00ed u\u017e\u00edt relaxa\u010dn\u00ed tantrickou mas\u00e1\u017e.<\/p>\n\n\n\n<p><\/p>\n\n\n\n<p><strong><mark style=\"background-color:rgba(0, 0, 0, 0)\" class=\"has-inline-color has-secondary-color\">Je mo\u017en\u00e1 spole\u010dn\u00e1 sprcha ?<\/mark><mark style=\"background-color:rgba(0, 0, 0, 0)\" class=\"has-inline-color has-primary-color\"> <\/mark><\/strong><\/p>\n\n\n\n<p>Ano, ale je pot\u0159eba si o ni napsat p\u0159i rezervaci, \u0159\u00edct dop\u0159edu. <\/p>\n\n\n\n<p><\/p>\n\n\n\n<p><strong><mark style=\"background-color:rgba(0, 0, 0, 0)\" class=\"has-inline-color has-primary-color\">Je spole\u010dn\u00e1 sprcha v cen\u011b ?<\/mark><\/strong><\/p>\n\n\n\n<p>Ano, spole\u010dn\u00e1 sprcha je v cen\u011b pouze u vz\u00e1jemn\u00e9 mas\u00e1\u017ee nad 60 min a v\u00edce.<\/p>\n\n\n\n<p><\/p>\n\n\n\n<p><strong><mark style=\"background-color:rgba(0, 0, 0, 0)\" class=\"has-inline-color has-secondary-color\">Je mo\u017en\u00e9 v\u00edce vyvrcholen\u00ed ?<\/mark><\/strong><\/p>\n\n\n\n<p>Ano, je to mo\u017en\u00e9, pro tuhle nab\u00eddku hlaste p\u0159edem p\u0159i rezervaci, aby se dala napl\u00e1novat mas\u00e1\u017e p\u0159\u00edmo na m\u00edru.<\/p>\n\n\n\n<p><\/p>\n\n\n\n<p><mark style=\"background-color:rgba(0, 0, 0, 0)\" class=\"has-inline-color has-primary-color\"><strong>D\u0159\u00edv\u011bj\u0161\u00ed vyvrcholen\u00ed klienta, znamen\u00e1, \u017ee je u\u017e konec mas\u00e1\u017ee ?<\/strong><\/mark><\/p>\n\n\n\n<p>I tohle se st\u00e1v\u00e1 a odpov\u011b\u010f je <strong><mark style=\"background-color:rgba(0, 0, 0, 0)\" class=\"has-inline-color has-primary-color\">NE<\/mark><\/strong> a pokud Va\u0161e vyvrcholen\u00ed bude d\u0159\u00edv\u011bj\u0161\u00ed, nic se ned\u011bje, po\u0159\u00e1d mas\u00e1\u017e pokra\u010duje, a\u017e do vypr\u0161en\u00ed \u010dasu.<\/p>\n<\/blockquote>\n\n\n\n<p><\/p>\n<\/div>\n\n\n\n<div class=\"wp-block-group alignfull is-style-ext-preset--group--natural-1--section has-background-background-color has-background has-global-padding is-layout-constrained wp-container-core-group-is-layout-e955bbaf wp-block-group-is-layout-constrained\" style=\"margin-top:0;margin-bottom:0;padding-top:var(--wp--preset--spacing--70);padding-bottom:var(--wp--preset--spacing--70)\">\n<div class=\"wp-block-group alignwide is-vertical is-content-justification-center is-layout-flex wp-container-core-group-is-layout-c9ee0c5a wp-block-group-is-layout-flex\">\n<div class=\"wp-block-group has-global-padding is-layout-constrained wp-container-core-group-is-layout-2287c683 wp-block-group-is-layout-constrained\">\n<h2 class=\"wp-block-heading has-text-align-center\">Vyzkou\u0161ejte n\u00e1\u0161 klidn\u00fd a p\u0159\u00edjemn\u00fd sal\u00f3n<\/h2>\n\n\n\n<p class=\"has-text-align-center\">Pro\u010d pr\u00e1v\u011b Dark Diamonds ?<\/p>\n<\/div>\n<\/div>\n\n\n\n<div class=\"wp-block-columns alignwide is-layout-flex wp-container-core-columns-is-layout-08c01c1c wp-block-columns-is-layout-flex\">\n<div class=\"wp-block-column is-layout-flow wp-block-column-is-layout-flow\">\n<div class=\"wp-block-group is-style-ext-preset--group--natural-1--item-card-1--align-center has-global-padding is-layout-constrained wp-block-group-is-layout-constrained is-style-ext-preset--group--natural-1--item-card-1--align-center--3\">\n<figure class=\"wp-block-image size-full\"><img loading=\"lazy\" decoding=\"async\" width=\"1000\" height=\"750\" src=\"https:\/\/www.darkdiamonds.cz\/wp-content\/uploads\/2026\/01\/IMG_20260124_203249.jpg\" alt=\"\" class=\"wp-image-222\" style=\"aspect-ratio:4\/3;object-fit:cover\" srcset=\"https:\/\/www.darkdiamonds.cz\/wp-content\/uploads\/2026\/01\/IMG_20260124_203249.jpg 1000w, https:\/\/www.darkdiamonds.cz\/wp-content\/uploads\/2026\/01\/IMG_20260124_203249-300x225.jpg 300w, https:\/\/www.darkdiamonds.cz\/wp-content\/uploads\/2026\/01\/IMG_20260124_203249-768x576.jpg 768w, https:\/\/www.darkdiamonds.cz\/wp-content\/uploads\/2026\/01\/IMG_20260124_203249-16x12.jpg 16w\" sizes=\"auto, (max-width: 1000px) 100vw, 1000px\" \/><\/figure>\n\n\n\n<div class=\"wp-block-group is-style-default has-global-padding is-layout-constrained wp-block-group-is-layout-constrained\">\n<h3 class=\"wp-block-heading has-text-align-center\">Za prv\u00e9 <\/h3>\n\n\n\n<p class=\"has-text-align-center\">Klidn\u00e9 a p\u0159\u00edjemn\u00e9 prost\u0159ed\u00ed ur\u010den\u00e9 k hlubok\u00e9 relaxaci a odpo\u010dinku.<\/p>\n<\/div>\n<\/div>\n<\/div>\n\n\n\n<div class=\"wp-block-column is-layout-flow wp-block-column-is-layout-flow\">\n<div class=\"wp-block-group is-style-ext-preset--group--natural-1--item-card-1--align-center has-global-padding is-layout-constrained wp-block-group-is-layout-constrained is-style-ext-preset--group--natural-1--item-card-1--align-center--4\">\n<figure class=\"wp-block-image size-full\"><img loading=\"lazy\" decoding=\"async\" width=\"1000\" height=\"750\" src=\"https:\/\/www.darkdiamonds.cz\/wp-content\/uploads\/2026\/01\/IMG_20260124_203016.jpg\" alt=\"\" class=\"wp-image-220\" style=\"aspect-ratio:4\/3;object-fit:cover\" srcset=\"https:\/\/www.darkdiamonds.cz\/wp-content\/uploads\/2026\/01\/IMG_20260124_203016.jpg 1000w, https:\/\/www.darkdiamonds.cz\/wp-content\/uploads\/2026\/01\/IMG_20260124_203016-300x225.jpg 300w, https:\/\/www.darkdiamonds.cz\/wp-content\/uploads\/2026\/01\/IMG_20260124_203016-768x576.jpg 768w, https:\/\/www.darkdiamonds.cz\/wp-content\/uploads\/2026\/01\/IMG_20260124_203016-16x12.jpg 16w\" sizes=\"auto, (max-width: 1000px) 100vw, 1000px\" \/><\/figure>\n\n\n\n<div class=\"wp-block-group is-style-default has-global-padding is-layout-constrained wp-block-group-is-layout-constrained\">\n<h3 class=\"wp-block-heading has-text-align-center\">Za druh\u00e9 <\/h3>\n\n\n\n<p class=\"has-text-align-center\">Diskr\u00e9tn\u00ed prostor zam\u011b\u0159en\u00fd na pohodl\u00ed, klid a individu\u00e1ln\u00ed p\u0159\u00edstup.<\/p>\n<\/div>\n<\/div>\n<\/div>\n\n\n\n<div class=\"wp-block-column is-layout-flow wp-block-column-is-layout-flow\">\n<div class=\"wp-block-group is-style-ext-preset--group--natural-1--item-card-1--align-center has-global-padding is-layout-constrained wp-block-group-is-layout-constrained is-style-ext-preset--group--natural-1--item-card-1--align-center--5\">\n<figure class=\"wp-block-image size-full\"><img loading=\"lazy\" decoding=\"async\" width=\"1000\" height=\"750\" src=\"https:\/\/www.darkdiamonds.cz\/wp-content\/uploads\/2026\/01\/IMG_20260124_203152.jpg\" alt=\"\" class=\"wp-image-221\" style=\"aspect-ratio:4\/3;object-fit:cover\" srcset=\"https:\/\/www.darkdiamonds.cz\/wp-content\/uploads\/2026\/01\/IMG_20260124_203152.jpg 1000w, https:\/\/www.darkdiamonds.cz\/wp-content\/uploads\/2026\/01\/IMG_20260124_203152-300x225.jpg 300w, https:\/\/www.darkdiamonds.cz\/wp-content\/uploads\/2026\/01\/IMG_20260124_203152-768x576.jpg 768w, https:\/\/www.darkdiamonds.cz\/wp-content\/uploads\/2026\/01\/IMG_20260124_203152-16x12.jpg 16w\" sizes=\"auto, (max-width: 1000px) 100vw, 1000px\" \/><\/figure>\n\n\n\n<div class=\"wp-block-group is-style-default has-global-padding is-layout-constrained wp-block-group-is-layout-constrained\">\n<h3 class=\"wp-block-heading has-text-align-center\">Za t\u0159et\u00ed<\/h3>\n\n\n\n<p class=\"has-text-align-center\">Intimn\u00ed a \u00fatuln\u00e9 m\u00edsto, kde si m\u016f\u017eete dop\u0159\u00e1t neru\u0161en\u00fd \u010das pro sebe.<\/p>\n<\/div>\n<\/div>\n<\/div>\n<\/div>\n<\/div>","protected":false},"excerpt":{"rendered":"<p>Dark Diamonds Jsme mas\u00e1\u017en\u00ed sal\u00f3n, kter\u00fd je zam\u011b\u0159en\u00fd na relaxa\u010dn\u011b tantrick\u00e9 mas\u00e1\u017ee. Rozhodli jsme se j\u00edt vlastn\u00ed cestou a skloubit to nejlep\u0161\u00ed ze dvou druh\u016f mas\u00e1\u017e\u00ed do jedn\u00e9 &#8211; jedine\u010dn\u00e9 mas\u00e1\u017ee. Nehrajeme si na fale\u0161n\u00fd luxus nebo n\u011bco podobn\u00e9ho, prostor je u n\u00e1s \u010dist\u00fd a \u00fatuln\u00fd, aby jsi se c\u00edtil pohodln\u011b a v\u017edy v\u00edtan\u00fd. Jde [&hellip;]<\/p>","protected":false},"author":1,"featured_media":0,"parent":0,"menu_order":0,"comment_status":"closed","ping_status":"closed","template":"page-with-title","meta":{"om_disable_all_campaigns":false,"_monsterinsights_skip_tracking":false,"_monsterinsights_sitenote_active":false,"_monsterinsights_sitenote_note":"","_monsterinsights_sitenote_category":0,"footnotes":""},"class_list":["post-78","page","type-page","status-publish","hentry"],"aioseo_notices":[],"_links":{"self":[{"href":"https:\/\/www.darkdiamonds.cz\/en\/wp-json\/wp\/v2\/pages\/78","targetHints":{"allow":["GET"]}}],"collection":[{"href":"https:\/\/www.darkdiamonds.cz\/en\/wp-json\/wp\/v2\/pages"}],"about":[{"href":"https:\/\/www.darkdiamonds.cz\/en\/wp-json\/wp\/v2\/types\/page"}],"author":[{"embeddable":true,"href":"https:\/\/www.darkdiamonds.cz\/en\/wp-json\/wp\/v2\/users\/1"}],"replies":[{"embeddable":true,"href":"https:\/\/www.darkdiamonds.cz\/en\/wp-json\/wp\/v2\/comments?post=78"}],"version-history":[{"count":29,"href":"https:\/\/www.darkdiamonds.cz\/en\/wp-json\/wp\/v2\/pages\/78\/revisions"}],"predecessor-version":[{"id":400,"href":"https:\/\/www.darkdiamonds.cz\/en\/wp-json\/wp\/v2\/pages\/78\/revisions\/400"}],"wp:attachment":[{"href":"https:\/\/www.darkdiamonds.cz\/en\/wp-json\/wp\/v2\/media?parent=78"}],"curies":[{"name":"wp","href":"https:\/\/api.w.org\/{rel}","templated":true}]}}