{"id":79,"date":"2026-01-22T14:05:43","date_gmt":"2026-01-22T14:05:43","guid":{"rendered":"https:\/\/www.darkdiamonds.cz\/rezervace\/"},"modified":"2026-04-02T12:14:37","modified_gmt":"2026-04-02T12:14:37","slug":"rezervace","status":"publish","type":"page","link":"https:\/\/www.darkdiamonds.cz\/en\/rezervace\/","title":{"rendered":"Aktuality"},"content":{"rendered":"<div class=\"wp-block-group alignfull is-style-ext-preset--group--natural-1--section has-background-background-color has-background has-global-padding is-layout-constrained wp-container-core-group-is-layout-ab56ae29 wp-block-group-is-layout-constrained\" id=\"rezervovat-nyn\u00ed\" style=\"margin-top:0;margin-bottom:0;padding-top:var(--wp--preset--spacing--70);padding-bottom:var(--wp--preset--spacing--70)\">\n<h2 class=\"wp-block-heading has-text-align-center\">Aktuality co nov\u00e9ho v na\u0161em sal\u00f3nu<\/h2>\n\n\n\n<blockquote class=\"wp-block-quote is-layout-flow wp-block-quote-is-layout-flow\">\n<p>2.4.2026 &#8211; spu\u0161t\u011bna nov\u00e1 mas\u00e1\u017e <mark style=\"background-color:rgba(0, 0, 0, 0)\" class=\"has-inline-color has-primary-color\"><strong>Vaj\u00ed\u010dko<\/strong><\/mark>.<\/p>\n\n\n\n<p>7.3.2026 &#8211; op\u011bt pro V\u00e1s p\u0159ipravujeme dal\u0161\u00ed druh mas\u00e1\u017e\u00ed. Ji\u017e brzy v nab\u00eddce <\/p>\n\n\n\n<p>13.2. 2026 &#8211; spu\u0161t\u011bna nov\u00e1 dal\u0161\u00ed mas\u00e1\u017e ,,Valent\u00fdnsk\u00e9 p\u0159ekvapen\u00ed \u2764\ufe0f,, (<mark style=\"background-color:rgba(0, 0, 0, 0)\" class=\"has-inline-color has-primary-color\"><strong>PRST\u00ddNEK L\u00c1SKY<\/strong><\/mark>) ,v\u00edce se dozv\u00edte v MENU druhy mas\u00e1\u017e\u00ed.<\/p>\n\n\n\n<p>11.2.2026 &#8211; P\u0159ipravujeme Valent\u00fdnskou novinku, ji\u017e brzy.<\/p>\n\n\n\n<p>1.1.2026 Nov\u011b otev\u0159en\u00fd sal\u00f3n v dom\u00e1c\u00edm prost\u0159ed\u00ed.<\/p>\n<\/blockquote>\n<\/div>\n\n\n\n<div class=\"wp-block-group alignfull is-style-ext-preset--group--natural-1--section has-background-background-color has-background has-global-padding is-layout-constrained wp-container-core-group-is-layout-f72f1611 wp-block-group-is-layout-constrained\" style=\"margin-top:0;margin-bottom:0;padding-top:var(--wp--preset--spacing--70);padding-bottom:var(--wp--preset--spacing--70)\">\n<div class=\"wp-block-group alignwide is-vertical is-layout-flex wp-container-core-group-is-layout-c35747d5 wp-block-group-is-layout-flex\">\n<div class=\"wp-block-group has-global-padding is-layout-constrained wp-container-core-group-is-layout-5e05634a wp-block-group-is-layout-constrained\">\n<h2 class=\"wp-block-heading\">Vyzkou\u0161ejte n\u00e1\u0161 p\u0159\u00edjemn\u00fd a \u00fatuln\u00fd sal\u00f3n<\/h2>\n<\/div>\n<\/div>\n\n\n\n<div class=\"wp-block-columns alignwide is-layout-flex wp-container-core-columns-is-layout-87beb0d0 wp-block-columns-is-layout-flex\">\n<div class=\"wp-block-column is-vertically-aligned-top is-layout-flow wp-container-core-column-is-layout-f5bb311e wp-block-column-is-layout-flow\">\n<figure class=\"wp-block-image size-full is-style-ext-preset--image--natural-1--image-1--content-bottom is-style-ext-preset--image--natural-1--image-1--content-bottom--3\"><img loading=\"lazy\" decoding=\"async\" width=\"1000\" height=\"750\" src=\"https:\/\/www.darkdiamonds.cz\/wp-content\/uploads\/2026\/01\/IMG_20260124_203249.jpg\" alt=\"\" class=\"wp-image-222\" style=\"aspect-ratio:1;object-fit:cover\" srcset=\"https:\/\/www.darkdiamonds.cz\/wp-content\/uploads\/2026\/01\/IMG_20260124_203249.jpg 1000w, https:\/\/www.darkdiamonds.cz\/wp-content\/uploads\/2026\/01\/IMG_20260124_203249-300x225.jpg 300w, https:\/\/www.darkdiamonds.cz\/wp-content\/uploads\/2026\/01\/IMG_20260124_203249-768x576.jpg 768w, https:\/\/www.darkdiamonds.cz\/wp-content\/uploads\/2026\/01\/IMG_20260124_203249-16x12.jpg 16w\" sizes=\"auto, (max-width: 1000px) 100vw, 1000px\" \/><\/figure>\n\n\n\n<figure class=\"wp-block-image size-full is-style-ext-preset--image--natural-1--image-1--content-right is-style-ext-preset--image--natural-1--image-1--content-right--4\"><img loading=\"lazy\" decoding=\"async\" width=\"1000\" height=\"750\" src=\"https:\/\/www.darkdiamonds.cz\/wp-content\/uploads\/2026\/01\/IMG_20260124_203554.jpg\" alt=\"\" class=\"wp-image-223\" style=\"aspect-ratio:4\/3;object-fit:cover\" srcset=\"https:\/\/www.darkdiamonds.cz\/wp-content\/uploads\/2026\/01\/IMG_20260124_203554.jpg 1000w, https:\/\/www.darkdiamonds.cz\/wp-content\/uploads\/2026\/01\/IMG_20260124_203554-300x225.jpg 300w, https:\/\/www.darkdiamonds.cz\/wp-content\/uploads\/2026\/01\/IMG_20260124_203554-768x576.jpg 768w, https:\/\/www.darkdiamonds.cz\/wp-content\/uploads\/2026\/01\/IMG_20260124_203554-16x12.jpg 16w\" sizes=\"auto, (max-width: 1000px) 100vw, 1000px\" \/><\/figure>\n<\/div>\n\n\n\n<div class=\"wp-block-column is-vertically-aligned-top is-layout-flow wp-container-core-column-is-layout-f5bb311e wp-block-column-is-layout-flow\">\n<figure class=\"wp-block-image size-full is-style-ext-preset--image--natural-1--image-1--content-left is-style-ext-preset--image--natural-1--image-1--content-left--5\"><img loading=\"lazy\" decoding=\"async\" width=\"1000\" height=\"750\" src=\"https:\/\/www.darkdiamonds.cz\/wp-content\/uploads\/2026\/01\/IMG_20260124_203016.jpg\" alt=\"\" class=\"wp-image-220\" style=\"aspect-ratio:4\/3;object-fit:cover\" srcset=\"https:\/\/www.darkdiamonds.cz\/wp-content\/uploads\/2026\/01\/IMG_20260124_203016.jpg 1000w, https:\/\/www.darkdiamonds.cz\/wp-content\/uploads\/2026\/01\/IMG_20260124_203016-300x225.jpg 300w, https:\/\/www.darkdiamonds.cz\/wp-content\/uploads\/2026\/01\/IMG_20260124_203016-768x576.jpg 768w, https:\/\/www.darkdiamonds.cz\/wp-content\/uploads\/2026\/01\/IMG_20260124_203016-16x12.jpg 16w\" sizes=\"auto, (max-width: 1000px) 100vw, 1000px\" \/><\/figure>\n\n\n\n<figure class=\"wp-block-image size-full is-style-ext-preset--image--natural-1--image-1--content-left is-style-ext-preset--image--natural-1--image-1--content-left--6\"><img loading=\"lazy\" decoding=\"async\" width=\"1000\" height=\"750\" src=\"https:\/\/www.darkdiamonds.cz\/wp-content\/uploads\/2026\/01\/IMG_20260124_203152.jpg\" alt=\"\" class=\"wp-image-221\" style=\"aspect-ratio:1;object-fit:cover\" srcset=\"https:\/\/www.darkdiamonds.cz\/wp-content\/uploads\/2026\/01\/IMG_20260124_203152.jpg 1000w, https:\/\/www.darkdiamonds.cz\/wp-content\/uploads\/2026\/01\/IMG_20260124_203152-300x225.jpg 300w, https:\/\/www.darkdiamonds.cz\/wp-content\/uploads\/2026\/01\/IMG_20260124_203152-768x576.jpg 768w, https:\/\/www.darkdiamonds.cz\/wp-content\/uploads\/2026\/01\/IMG_20260124_203152-16x12.jpg 16w\" sizes=\"auto, (max-width: 1000px) 100vw, 1000px\" \/><\/figure>\n<\/div>\n<\/div>\n<\/div>","protected":false},"excerpt":{"rendered":"<p>Aktuality co nov\u00e9ho v na\u0161em sal\u00f3nu 2.4.2026 &#8211; spu\u0161t\u011bna nov\u00e1 mas\u00e1\u017e Vaj\u00ed\u010dko. 7.3.2026 &#8211; op\u011bt pro V\u00e1s p\u0159ipravujeme dal\u0161\u00ed druh mas\u00e1\u017e\u00ed. Ji\u017e brzy v nab\u00eddce 13.2. 2026 &#8211; spu\u0161t\u011bna nov\u00e1 dal\u0161\u00ed mas\u00e1\u017e ,,Valent\u00fdnsk\u00e9 p\u0159ekvapen\u00ed \u2764\ufe0f,, (PRST\u00ddNEK L\u00c1SKY) ,v\u00edce se dozv\u00edte v MENU druhy mas\u00e1\u017e\u00ed. 11.2.2026 &#8211; P\u0159ipravujeme Valent\u00fdnskou novinku, ji\u017e brzy. 1.1.2026 Nov\u011b otev\u0159en\u00fd sal\u00f3n [&hellip;]<\/p>","protected":false},"author":1,"featured_media":0,"parent":0,"menu_order":0,"comment_status":"closed","ping_status":"closed","template":"page-with-title","meta":{"om_disable_all_campaigns":false,"_monsterinsights_skip_tracking":false,"_monsterinsights_sitenote_active":false,"_monsterinsights_sitenote_note":"","_monsterinsights_sitenote_category":0,"footnotes":""},"class_list":["post-79","page","type-page","status-publish","hentry"],"aioseo_notices":[],"_links":{"self":[{"href":"https:\/\/www.darkdiamonds.cz\/en\/wp-json\/wp\/v2\/pages\/79","targetHints":{"allow":["GET"]}}],"collection":[{"href":"https:\/\/www.darkdiamonds.cz\/en\/wp-json\/wp\/v2\/pages"}],"about":[{"href":"https:\/\/www.darkdiamonds.cz\/en\/wp-json\/wp\/v2\/types\/page"}],"author":[{"embeddable":true,"href":"https:\/\/www.darkdiamonds.cz\/en\/wp-json\/wp\/v2\/users\/1"}],"replies":[{"embeddable":true,"href":"https:\/\/www.darkdiamonds.cz\/en\/wp-json\/wp\/v2\/comments?post=79"}],"version-history":[{"count":15,"href":"https:\/\/www.darkdiamonds.cz\/en\/wp-json\/wp\/v2\/pages\/79\/revisions"}],"predecessor-version":[{"id":417,"href":"https:\/\/www.darkdiamonds.cz\/en\/wp-json\/wp\/v2\/pages\/79\/revisions\/417"}],"wp:attachment":[{"href":"https:\/\/www.darkdiamonds.cz\/en\/wp-json\/wp\/v2\/media?parent=79"}],"curies":[{"name":"wp","href":"https:\/\/api.w.org\/{rel}","templated":true}]}}