{"id":81,"date":"2026-01-22T14:05:45","date_gmt":"2026-01-22T14:05:45","guid":{"rendered":"https:\/\/www.darkdiamonds.cz\/sluzby\/"},"modified":"2026-04-29T17:01:43","modified_gmt":"2026-04-29T17:01:43","slug":"sluzby","status":"publish","type":"page","link":"https:\/\/www.darkdiamonds.cz\/en\/sluzby\/","title":{"rendered":"Cen\u00edk"},"content":{"rendered":"<div class=\"wp-block-group alignfull is-style-ext-preset--group--natural-1--section has-background-background-color has-background has-global-padding is-layout-constrained wp-container-core-group-is-layout-e955bbaf wp-block-group-is-layout-constrained\" id=\"sluzby\" style=\"margin-top:0;margin-bottom:0;padding-top:var(--wp--preset--spacing--70);padding-bottom:var(--wp--preset--spacing--70)\">\n<div class=\"wp-block-group alignwide is-vertical is-content-justification-center is-layout-flex wp-container-core-group-is-layout-c9ee0c5a wp-block-group-is-layout-flex\">\n<div class=\"wp-block-group has-global-padding is-layout-constrained wp-container-core-group-is-layout-2287c683 wp-block-group-is-layout-constrained\">\n<h2 class=\"wp-block-heading has-text-align-center\">Cen\u00edk mas\u00e1\u017e\u00ed<\/h2>\n\n\n\n<pre class=\"wp-block-code\"><code><\/code><\/pre>\n<\/div>\n<\/div>\n\n\n\n<h2 class=\"wp-block-heading has-text-align-center\"><strong><em><mark style=\"background-color:rgba(0, 0, 0, 0)\" class=\"has-inline-color has-secondary-color\">Z\u00e1kladn\u00ed relaxa\u010dn\u011b tantrick\u00e1 mas\u00e1\u017e<\/mark><\/em><\/strong><\/h2>\n\n\n\n<details class=\"wp-block-details\"><summary><strong><mark style=\"background-color:rgba(0, 0, 0, 0)\" class=\"has-inline-color has-primary-color is-layout-flow wp-block-details-is-layout-flow\">Klasick\u00e1 relaxa\u010dn\u011b tantrick\u00e1 mas\u00e1\u017e<\/mark><\/strong> &#8211; Mas\u00e1\u017e prob\u00edh\u00e1 body to body s mas\u00e1\u017e\u00ed penisu s vyvrcholen\u00edm klienta na z\u00e1v\u011br. (Bez dotek\u016f mas\u00e9rky).<\/summary>\n<p><\/p>\n<\/details>\n\n\n\n<details class=\"wp-block-details\"><summary><strong><mark style=\"background-color:rgba(0, 0, 0, 0)\" class=\"has-inline-color has-primary-color is-layout-flow wp-block-details-is-layout-flow\">Vz\u00e1jemn\u00e1 relaxa\u010dn\u011b tantrick\u00e1 mas\u00e1\u017e<\/mark><\/strong> &#8211; Mas\u00e1\u017e prob\u00edh\u00e1 body to body s mas\u00e1\u017e\u00ed penisu s vyvrcholen\u00edm klienta na z\u00e1v\u011br. P\u0159i kter\u00e9m doch\u00e1z\u00ed k vz\u00e1jemn\u00e9mu kontaktu a dotek\u016fm mas\u00e9rky. (S lehk\u00fdmi doteky mas\u00e9rky)<\/summary>\n<p><\/p>\n<\/details>\n\n\n\n<details class=\"wp-block-details\"><summary><mark style=\"background-color:rgba(0, 0, 0, 0)\" class=\"has-inline-color has-primary-color is-layout-flow wp-block-details-is-layout-flow\"><strong>SPOLE\u010cN\u00c1 SPRCHA JE MO\u017dN\u00c1 POUZE U VZ\u00c1JEMN\u00c9 MAS\u00c1\u017dE OD 60 min.<\/strong><\/mark><\/summary>\n<p><\/p>\n<\/details>\n\n\n\n<blockquote class=\"wp-block-quote is-layout-flow wp-block-quote-is-layout-flow\">\n<p><strong><mark style=\"background-color:rgba(0, 0, 0, 0)\" class=\"has-inline-color has-primary-color\">SPECI\u00c1LN\u00cd NAB\u00cdDKA:<\/mark><\/strong><\/p>\n\n\n\n<ul class=\"wp-block-list\">\n<li>mas\u00e1\u017e penisu kombinac\u00ed rukou a footjobem + 300 K\u010d.<\/li>\n<\/ul>\n\n\n\n<ul class=\"wp-block-list\">\n<li>footfetisch &#8211; hlazen\u00ed a pusinkov\u00e1n\u00ed no\u017ei\u010dek mas\u00e9rce + 300 K\u010d<\/li>\n<\/ul>\n\n\n\n<figure class=\"wp-block-image size-large\"><img loading=\"lazy\" decoding=\"async\" width=\"1024\" height=\"683\" src=\"https:\/\/www.darkdiamonds.cz\/wp-content\/uploads\/2026\/04\/file_000000009d9471f593dbc272d48d4d2b-1024x683.png\" alt=\"\" class=\"wp-image-450\" srcset=\"https:\/\/www.darkdiamonds.cz\/wp-content\/uploads\/2026\/04\/file_000000009d9471f593dbc272d48d4d2b-1024x683.png 1024w, https:\/\/www.darkdiamonds.cz\/wp-content\/uploads\/2026\/04\/file_000000009d9471f593dbc272d48d4d2b-300x200.png 300w, https:\/\/www.darkdiamonds.cz\/wp-content\/uploads\/2026\/04\/file_000000009d9471f593dbc272d48d4d2b-768x512.png 768w, https:\/\/www.darkdiamonds.cz\/wp-content\/uploads\/2026\/04\/file_000000009d9471f593dbc272d48d4d2b-18x12.png 18w, https:\/\/www.darkdiamonds.cz\/wp-content\/uploads\/2026\/04\/file_000000009d9471f593dbc272d48d4d2b.png 1536w\" sizes=\"auto, (max-width: 1024px) 100vw, 1024px\" \/><\/figure>\n<\/blockquote>\n\n\n\n<details class=\"wp-block-details\"><summary><mark style=\"background-color:rgba(0, 0, 0, 0)\" class=\"has-inline-color has-primary-color is-layout-flow wp-block-details-is-layout-flow\"><strong>!! NEJEDN\u00c1 SE O SEXU\u00c1LN\u00cd SLU\u017dBY, SEX, PRST\u011aN\u00cd, L\u00cdZ\u00c1N\u00cd, OR\u00c1L, U N\u00c1S NENAJDETE !!<\/strong><\/mark><\/summary>\n<p><\/p>\n<\/details>\n\n\n\n<figure class=\"wp-block-image size-large is-style-rounded\"><img loading=\"lazy\" decoding=\"async\" width=\"683\" height=\"1024\" src=\"https:\/\/www.darkdiamonds.cz\/wp-content\/uploads\/2026\/02\/file_0000000081807243963de4d6b07c8dde-683x1024.png\" alt=\"\" class=\"wp-image-402\" srcset=\"https:\/\/www.darkdiamonds.cz\/wp-content\/uploads\/2026\/02\/file_0000000081807243963de4d6b07c8dde-683x1024.png 683w, https:\/\/www.darkdiamonds.cz\/wp-content\/uploads\/2026\/02\/file_0000000081807243963de4d6b07c8dde-200x300.png 200w, https:\/\/www.darkdiamonds.cz\/wp-content\/uploads\/2026\/02\/file_0000000081807243963de4d6b07c8dde-768x1152.png 768w, https:\/\/www.darkdiamonds.cz\/wp-content\/uploads\/2026\/02\/file_0000000081807243963de4d6b07c8dde-8x12.png 8w, https:\/\/www.darkdiamonds.cz\/wp-content\/uploads\/2026\/02\/file_0000000081807243963de4d6b07c8dde.png 1024w\" sizes=\"auto, (max-width: 683px) 100vw, 683px\" \/><\/figure>\n\n\n\n<h2 class=\"wp-block-heading alignwide has-text-align-center\"><strong><mark style=\"background-color:rgba(0, 0, 0, 0)\" class=\"has-inline-color has-secondary-color\">Tantrick\u00e1 mas\u00e1\u017e &#8211; Prst\u00fdnek l\u00e1sky<\/mark><\/strong><\/h2>\n\n\n\n<p class=\"has-text-align-center\">Jedine\u010dn\u00e1 mas\u00e1\u017e, kterou v Brn\u011b nenajdete, jedn\u00e1 se o relaxa\u010dn\u011b tantrickou mas\u00e1\u017e s p\u0159ekvapen\u00edm na z\u00e1v\u011br. Jedn\u00e1 se o speci\u00e1ln\u00ed pom\u016fcku p\u0159i mas\u00e1\u017ei penisu. Nechte se h\u00fd\u010dkat mas\u00e9rkou a probu\u010fte jedine\u010dnou mas\u00e1\u017e s p\u0159ekvapen\u00edm na z\u00e1v\u011br. V\u011b\u0159\u00edme, \u017ee tuhle nab\u00eddku si tak\u00e9 obl\u00edb\u00edte.<\/p>\n\n\n\n<p class=\"has-text-align-center\">! Nejedn\u00e1 se o sexu\u00e1ln\u00ed slu\u017eby,sex,or\u00e1l atd\u2026. !<\/p>\n\n\n\n<figure class=\"wp-block-gallery has-nested-images columns-default is-cropped wp-block-gallery-2 is-layout-flex wp-block-gallery-is-layout-flex\">\n<figure class=\"wp-block-image size-large is-style-rounded\"><img loading=\"lazy\" decoding=\"async\" width=\"1024\" height=\"683\" data-id=\"447\" src=\"https:\/\/www.darkdiamonds.cz\/wp-content\/uploads\/2026\/04\/file_0000000065687243b7575a48a4a338cd-1024x683.png\" alt=\"\" class=\"wp-image-447\" srcset=\"https:\/\/www.darkdiamonds.cz\/wp-content\/uploads\/2026\/04\/file_0000000065687243b7575a48a4a338cd-1024x683.png 1024w, https:\/\/www.darkdiamonds.cz\/wp-content\/uploads\/2026\/04\/file_0000000065687243b7575a48a4a338cd-300x200.png 300w, https:\/\/www.darkdiamonds.cz\/wp-content\/uploads\/2026\/04\/file_0000000065687243b7575a48a4a338cd-768x512.png 768w, https:\/\/www.darkdiamonds.cz\/wp-content\/uploads\/2026\/04\/file_0000000065687243b7575a48a4a338cd-18x12.png 18w, https:\/\/www.darkdiamonds.cz\/wp-content\/uploads\/2026\/04\/file_0000000065687243b7575a48a4a338cd.png 1536w\" sizes=\"auto, (max-width: 1024px) 100vw, 1024px\" \/><\/figure>\n<\/figure>\n\n\n\n<h2 class=\"wp-block-heading has-text-align-center\"><mark style=\"background-color:rgba(0, 0, 0, 0)\" class=\"has-inline-color has-secondary-color\">Tantrick\u00e1 mas\u00e1\u017e &#8211; Vaj\u00ed\u010dko<\/mark><\/h2>\n\n\n\n<blockquote class=\"wp-block-quote is-layout-flow wp-block-quote-is-layout-flow\">\n<p>Jedn\u00e1 se o speci\u00e1ln\u00ed pom\u016fcku p\u0159i mas\u00e1\u017ei penisu, navr\u017een\u00e1 pro zes\u00edlen\u00ed pro\u017eitku a stimulaci b\u011bhem mas\u00e1\u017ee. Uvnit\u0159 se skr\u00fdv\u00e1 jemn\u00fd, pru\u017en\u00fd materi\u00e1l se speci\u00e1ln\u00ed strukturou, kter\u00e1 zvy\u0161uje citlivost a intenzitu vn\u00edm\u00e1n\u00ed doteku.<\/p>\n\n\n\n<p>Tato pom\u016fcka se p\u0159izp\u016fsobuje t\u011blu a d\u00edky sv\u00e9mu elastick\u00e9mu proveden\u00ed umo\u017e\u0148uje individu\u00e1ln\u00ed regulaci tlaku i intenzity. <\/p>\n\n\n\n<p>Ka\u017ed\u00e9 vaj\u00ed\u010dko m\u00e1 odli\u0161nou vnit\u0159n\u00ed strukturu, kter\u00e1 vytv\u00e1\u0159\u00ed r\u016fzn\u00e9 smyslov\u00e9 vjemy a jedine\u010dn\u00fd z\u00e1\u017eitek.<\/p>\n\n\n\n<p>P\u0159ij\u010fte vyzkou\u0161et i tuhle mas\u00e1\u017e. Ka\u017ed\u00e1 barva skr\u00fdv\u00e1 jedine\u010dn\u00fd pro\u017eitek. <\/p>\n\n\n\n<p><mark style=\"background-color:rgba(0, 0, 0, 0)\" class=\"has-inline-color has-primary-color\"><strong>Kterou si vyberete Vy?<\/strong><\/mark><\/p>\n<\/blockquote>\n<\/div>","protected":false},"excerpt":{"rendered":"<p>Cen\u00edk mas\u00e1\u017e\u00ed Z\u00e1kladn\u00ed relaxa\u010dn\u011b tantrick\u00e1 mas\u00e1\u017e SPECI\u00c1LN\u00cd NAB\u00cdDKA: Tantrick\u00e1 mas\u00e1\u017e &#8211; Prst\u00fdnek l\u00e1sky Jedine\u010dn\u00e1 mas\u00e1\u017e, kterou v Brn\u011b nenajdete, jedn\u00e1 se o relaxa\u010dn\u011b tantrickou mas\u00e1\u017e s p\u0159ekvapen\u00edm na z\u00e1v\u011br. Jedn\u00e1 se o speci\u00e1ln\u00ed pom\u016fcku p\u0159i mas\u00e1\u017ei penisu. Nechte se h\u00fd\u010dkat mas\u00e9rkou a probu\u010fte jedine\u010dnou mas\u00e1\u017e s p\u0159ekvapen\u00edm na z\u00e1v\u011br. V\u011b\u0159\u00edme, \u017ee tuhle nab\u00eddku si tak\u00e9 [&hellip;]<\/p>","protected":false},"author":1,"featured_media":0,"parent":0,"menu_order":0,"comment_status":"closed","ping_status":"closed","template":"page-with-title","meta":{"om_disable_all_campaigns":false,"_monsterinsights_skip_tracking":false,"_monsterinsights_sitenote_active":false,"_monsterinsights_sitenote_note":"","_monsterinsights_sitenote_category":0,"footnotes":""},"class_list":["post-81","page","type-page","status-publish","hentry"],"aioseo_notices":[],"_links":{"self":[{"href":"https:\/\/www.darkdiamonds.cz\/en\/wp-json\/wp\/v2\/pages\/81","targetHints":{"allow":["GET"]}}],"collection":[{"href":"https:\/\/www.darkdiamonds.cz\/en\/wp-json\/wp\/v2\/pages"}],"about":[{"href":"https:\/\/www.darkdiamonds.cz\/en\/wp-json\/wp\/v2\/types\/page"}],"author":[{"embeddable":true,"href":"https:\/\/www.darkdiamonds.cz\/en\/wp-json\/wp\/v2\/users\/1"}],"replies":[{"embeddable":true,"href":"https:\/\/www.darkdiamonds.cz\/en\/wp-json\/wp\/v2\/comments?post=81"}],"version-history":[{"count":56,"href":"https:\/\/www.darkdiamonds.cz\/en\/wp-json\/wp\/v2\/pages\/81\/revisions"}],"predecessor-version":[{"id":451,"href":"https:\/\/www.darkdiamonds.cz\/en\/wp-json\/wp\/v2\/pages\/81\/revisions\/451"}],"wp:attachment":[{"href":"https:\/\/www.darkdiamonds.cz\/en\/wp-json\/wp\/v2\/media?parent=81"}],"curies":[{"name":"wp","href":"https:\/\/api.w.org\/{rel}","templated":true}]}}