{"id":82,"date":"2026-01-22T14:05:45","date_gmt":"2026-01-22T14:05:45","guid":{"rendered":"https:\/\/www.darkdiamonds.cz\/galerie\/"},"modified":"2026-04-13T08:37:05","modified_gmt":"2026-04-13T08:37:05","slug":"galerie","status":"publish","type":"page","link":"https:\/\/www.darkdiamonds.cz\/en\/galerie\/","title":{"rendered":"Na\u0161e mas\u00e9rky"},"content":{"rendered":"<div class=\"wp-block-group alignfull is-style-ext-preset--group--natural-1--section has-background-background-color has-background has-global-padding is-layout-constrained wp-container-core-group-is-layout-f72f1611 wp-block-group-is-layout-constrained\" id=\"galerie\" style=\"margin-top:0;margin-bottom:0;padding-top:var(--wp--preset--spacing--70);padding-bottom:var(--wp--preset--spacing--70)\">\n<div class=\"wp-block-group alignwide is-vertical is-layout-flex wp-container-core-group-is-layout-c35747d5 wp-block-group-is-layout-flex\">\n<h1 class=\"wp-block-heading has-text-align-center\">                                     Na\u0161e mas\u00e9rky<\/h1>\n<\/div>\n\n\n\n<h3 class=\"wp-block-heading has-text-align-center\"><mark style=\"background-color:rgba(0, 0, 0, 0)\" class=\"has-inline-color has-primary-color\"><em>Sami  &#8211; 27 Let<\/em><\/mark><\/h3>\n\n\n\n<p>168 cm, 50 kg, Prsa &#8211; jedni\u010dky <\/p>\n\n\n\n<hr class=\"wp-block-separator has-alpha-channel-opacity\"\/>\n\n\n\n<figure class=\"wp-block-image size-large\"><img loading=\"lazy\" decoding=\"async\" width=\"768\" height=\"1024\" src=\"https:\/\/www.darkdiamonds.cz\/wp-content\/uploads\/2026\/04\/1000049069_edited-768x1024.jpeg\" alt=\"\" class=\"wp-image-437\" srcset=\"https:\/\/www.darkdiamonds.cz\/wp-content\/uploads\/2026\/04\/1000049069_edited-768x1024.jpeg 768w, https:\/\/www.darkdiamonds.cz\/wp-content\/uploads\/2026\/04\/1000049069_edited-225x300.jpeg 225w, https:\/\/www.darkdiamonds.cz\/wp-content\/uploads\/2026\/04\/1000049069_edited-1152x1536.jpeg 1152w, https:\/\/www.darkdiamonds.cz\/wp-content\/uploads\/2026\/04\/1000049069_edited-1536x2048.jpeg 1536w, https:\/\/www.darkdiamonds.cz\/wp-content\/uploads\/2026\/04\/1000049069_edited-9x12.jpeg 9w, https:\/\/www.darkdiamonds.cz\/wp-content\/uploads\/2026\/04\/1000049069_edited-scaled.jpeg 1920w\" sizes=\"auto, (max-width: 768px) 100vw, 768px\" \/><\/figure>\n\n\n\n<figure class=\"wp-block-image size-large\"><img loading=\"lazy\" decoding=\"async\" width=\"768\" height=\"1024\" src=\"https:\/\/www.darkdiamonds.cz\/wp-content\/uploads\/2026\/04\/1000049092_edited-768x1024.jpeg\" alt=\"\" class=\"wp-image-438\" srcset=\"https:\/\/www.darkdiamonds.cz\/wp-content\/uploads\/2026\/04\/1000049092_edited-768x1024.jpeg 768w, https:\/\/www.darkdiamonds.cz\/wp-content\/uploads\/2026\/04\/1000049092_edited-225x300.jpeg 225w, https:\/\/www.darkdiamonds.cz\/wp-content\/uploads\/2026\/04\/1000049092_edited-1152x1536.jpeg 1152w, https:\/\/www.darkdiamonds.cz\/wp-content\/uploads\/2026\/04\/1000049092_edited-1536x2048.jpeg 1536w, https:\/\/www.darkdiamonds.cz\/wp-content\/uploads\/2026\/04\/1000049092_edited-9x12.jpeg 9w, https:\/\/www.darkdiamonds.cz\/wp-content\/uploads\/2026\/04\/1000049092_edited-scaled.jpeg 1920w\" sizes=\"auto, (max-width: 768px) 100vw, 768px\" \/><\/figure>\n\n\n\n<figure class=\"wp-block-image size-large\"><img loading=\"lazy\" decoding=\"async\" width=\"768\" height=\"1024\" src=\"https:\/\/www.darkdiamonds.cz\/wp-content\/uploads\/2026\/04\/1000049050_edited-768x1024.jpeg\" alt=\"\" class=\"wp-image-439\" srcset=\"https:\/\/www.darkdiamonds.cz\/wp-content\/uploads\/2026\/04\/1000049050_edited-768x1024.jpeg 768w, https:\/\/www.darkdiamonds.cz\/wp-content\/uploads\/2026\/04\/1000049050_edited-225x300.jpeg 225w, https:\/\/www.darkdiamonds.cz\/wp-content\/uploads\/2026\/04\/1000049050_edited-1152x1536.jpeg 1152w, https:\/\/www.darkdiamonds.cz\/wp-content\/uploads\/2026\/04\/1000049050_edited-1536x2048.jpeg 1536w, https:\/\/www.darkdiamonds.cz\/wp-content\/uploads\/2026\/04\/1000049050_edited-9x12.jpeg 9w, https:\/\/www.darkdiamonds.cz\/wp-content\/uploads\/2026\/04\/1000049050_edited-scaled.jpeg 1920w\" sizes=\"auto, (max-width: 768px) 100vw, 768px\" \/><\/figure>\n\n\n\n<figure class=\"wp-block-image size-large\"><img loading=\"lazy\" decoding=\"async\" width=\"768\" height=\"1024\" src=\"https:\/\/www.darkdiamonds.cz\/wp-content\/uploads\/2026\/04\/1000049077_edited-768x1024.jpeg\" alt=\"\" class=\"wp-image-440\" srcset=\"https:\/\/www.darkdiamonds.cz\/wp-content\/uploads\/2026\/04\/1000049077_edited-768x1024.jpeg 768w, https:\/\/www.darkdiamonds.cz\/wp-content\/uploads\/2026\/04\/1000049077_edited-225x300.jpeg 225w, https:\/\/www.darkdiamonds.cz\/wp-content\/uploads\/2026\/04\/1000049077_edited-1152x1536.jpeg 1152w, https:\/\/www.darkdiamonds.cz\/wp-content\/uploads\/2026\/04\/1000049077_edited-1536x2048.jpeg 1536w, https:\/\/www.darkdiamonds.cz\/wp-content\/uploads\/2026\/04\/1000049077_edited-9x12.jpeg 9w, https:\/\/www.darkdiamonds.cz\/wp-content\/uploads\/2026\/04\/1000049077_edited-scaled.jpeg 1920w\" sizes=\"auto, (max-width: 768px) 100vw, 768px\" \/><\/figure>\n\n\n\n<figure class=\"wp-block-image size-large\"><img loading=\"lazy\" decoding=\"async\" width=\"768\" height=\"1024\" src=\"https:\/\/www.darkdiamonds.cz\/wp-content\/uploads\/2026\/04\/1000049097_edited-768x1024.jpeg\" alt=\"\" class=\"wp-image-441\" srcset=\"https:\/\/www.darkdiamonds.cz\/wp-content\/uploads\/2026\/04\/1000049097_edited-768x1024.jpeg 768w, https:\/\/www.darkdiamonds.cz\/wp-content\/uploads\/2026\/04\/1000049097_edited-225x300.jpeg 225w, https:\/\/www.darkdiamonds.cz\/wp-content\/uploads\/2026\/04\/1000049097_edited-1152x1536.jpeg 1152w, https:\/\/www.darkdiamonds.cz\/wp-content\/uploads\/2026\/04\/1000049097_edited-1536x2048.jpeg 1536w, https:\/\/www.darkdiamonds.cz\/wp-content\/uploads\/2026\/04\/1000049097_edited-9x12.jpeg 9w, https:\/\/www.darkdiamonds.cz\/wp-content\/uploads\/2026\/04\/1000049097_edited-scaled.jpeg 1920w\" sizes=\"auto, (max-width: 768px) 100vw, 768px\" \/><\/figure>\n<\/div>","protected":false},"excerpt":{"rendered":"<p>Na\u0161e mas\u00e9rky Sami &#8211; 27 Let 168 cm, 50 kg, Prsa &#8211; jedni\u010dky<\/p>","protected":false},"author":1,"featured_media":0,"parent":0,"menu_order":0,"comment_status":"closed","ping_status":"closed","template":"page-with-title","meta":{"om_disable_all_campaigns":false,"_monsterinsights_skip_tracking":false,"_monsterinsights_sitenote_active":false,"_monsterinsights_sitenote_note":"","_monsterinsights_sitenote_category":0,"footnotes":""},"class_list":["post-82","page","type-page","status-publish","hentry"],"aioseo_notices":[],"_links":{"self":[{"href":"https:\/\/www.darkdiamonds.cz\/en\/wp-json\/wp\/v2\/pages\/82","targetHints":{"allow":["GET"]}}],"collection":[{"href":"https:\/\/www.darkdiamonds.cz\/en\/wp-json\/wp\/v2\/pages"}],"about":[{"href":"https:\/\/www.darkdiamonds.cz\/en\/wp-json\/wp\/v2\/types\/page"}],"author":[{"embeddable":true,"href":"https:\/\/www.darkdiamonds.cz\/en\/wp-json\/wp\/v2\/users\/1"}],"replies":[{"embeddable":true,"href":"https:\/\/www.darkdiamonds.cz\/en\/wp-json\/wp\/v2\/comments?post=82"}],"version-history":[{"count":11,"href":"https:\/\/www.darkdiamonds.cz\/en\/wp-json\/wp\/v2\/pages\/82\/revisions"}],"predecessor-version":[{"id":443,"href":"https:\/\/www.darkdiamonds.cz\/en\/wp-json\/wp\/v2\/pages\/82\/revisions\/443"}],"wp:attachment":[{"href":"https:\/\/www.darkdiamonds.cz\/en\/wp-json\/wp\/v2\/media?parent=82"}],"curies":[{"name":"wp","href":"https:\/\/api.w.org\/{rel}","templated":true}]}}