{"id":83,"date":"2026-01-22T14:05:46","date_gmt":"2026-01-22T14:05:46","guid":{"rendered":"https:\/\/www.darkdiamonds.cz\/domu\/"},"modified":"2026-02-08T18:52:26","modified_gmt":"2026-02-08T18:52:26","slug":"domu","status":"publish","type":"page","link":"https:\/\/www.darkdiamonds.cz\/en\/","title":{"rendered":"Dom\u016f"},"content":{"rendered":"<div class=\"wp-block-group alignfull is-style-ext-preset--group--natural-1--section has-background-background-color has-background has-global-padding is-layout-constrained wp-block-group-is-layout-constrained\" style=\"margin-top:0;margin-bottom:0;padding-top:var(--wp--preset--spacing--50);padding-bottom:var(--wp--preset--spacing--70)\">\n<div class=\"wp-block-columns alignwide is-layout-flex wp-container-core-columns-is-layout-08c01c1c wp-block-columns-is-layout-flex\">\n<div class=\"wp-block-column is-vertically-aligned-stretch is-layout-flow wp-block-column-is-layout-flow\">\n<div class=\"wp-block-group alignwide is-style-ext-preset--group--natural-1--item-card-1--align-start has-tertiary-background-color has-background is-nowrap is-layout-flex wp-container-core-group-is-layout-bcde1d39 wp-block-group-is-layout-flex is-style-ext-preset--group--natural-1--item-card-1--align-start--2\" style=\"min-height:100%;padding-top:0;padding-right:0;padding-bottom:0;padding-left:0\">\n<div class=\"wp-block-group alignwide is-vertical is-layout-flex wp-container-core-group-is-layout-fa0d61a1 wp-block-group-is-layout-flex\" style=\"padding-top:var(--wp--preset--spacing--50);padding-right:var(--wp--preset--spacing--50);padding-bottom:var(--wp--preset--spacing--50);padding-left:var(--wp--preset--spacing--50)\">\n<div class=\"wp-block-group has-global-padding is-layout-constrained wp-container-core-group-is-layout-812d5580 wp-block-group-is-layout-constrained\" style=\"padding-top:0;padding-right:0;padding-bottom:0;padding-left:0\">\n<h1 class=\"wp-block-heading has-text-align-center has-xx-large-font-size\">V\u00edtejte v         Dark Diamonds<\/h1>\n\n\n\n<p style=\"font-size:clamp(14px, 0.875rem + ((1vw - 3.2px) * 0.417), 18px);\">Prostoru klidu, diskr\u00e9tnosti a hlubok\u00e9ho uvoln\u011bn\u00ed.<\/p>\n\n\n\n<p>N\u00e1\u0161 nov\u00fd dom\u00e1c\u00ed sal\u00f3n se nach\u00e1z\u00ed v novostavb\u011b na kr\u00e1sn\u00e9m klidn\u00e9m m\u00edst\u011b v Brn\u011b &#8211; L\u00ed\u0161ni.<\/p>\n\n\n\n<p>Nab\u00edz\u00edme relaxa\u010dn\u011b tantrick\u00e9 mas\u00e1\u017ee, kter\u00e9 pracuj\u00ed s v\u011bdom\u00fdm dotekem, pomalost\u00ed a celkov\u00fdm vn\u00edm\u00e1n\u00edm t\u011bla.<\/p>\n\n\n\n<p>Mas\u00e1\u017ee jsou zam\u011b\u0159en\u00e9 na uvoln\u011bn\u00ed nap\u011bt\u00ed, zklidn\u011bn\u00ed mysli a nabr\u00e1n\u00ed nov\u00e9 \u010dist\u00e9 energie.<\/p>\n\n\n\n<p>Ka\u017ed\u00e1 mas\u00e1\u017e prob\u00edh\u00e1 v bezpe\u010dn\u00e9m a p\u0159\u00edjemn\u00e9m prost\u0159ed\u00ed, kde je d\u016fraz kladen na p\u0159\u00edsnou hygienu, individu\u00e1ln\u00ed p\u0159\u00edstup, diskr\u00e9tnost a Va\u0161i pohodu. Dop\u0159ejte si \u010das, jen pro sebe a nechejte t\u011blo i mysl skute\u010dn\u011b odpo\u010dinout.<\/p>\n\n\n\n<p class=\"has-text-align-center\"><strong><mark style=\"background-color:rgba(0, 0, 0, 0)\" class=\"has-inline-color has-primary-color\">Nechte se h\u00fd\u010dkat mas\u00e9rkou.<\/mark><\/strong><\/p>\n\n\n\n<p>T\u011b\u0161\u00edme se na Va\u0161i n\u00e1v\u0161t\u011bvu, v\u011b\u0159\u00edme \u017ee si to u n\u00e1s u\u017eijete.<\/p>\n\n\n\n<p class=\"has-text-align-center\">!! NEJEDN\u00c1 SE O EROTICK\u00c9 SLU\u017dBY !!<\/p>\n<\/div>\n\n\n\n<div class=\"wp-block-buttons is-layout-flex wp-block-buttons-is-layout-flex\">\n<div class=\"wp-block-button is-style-ext-preset--button--natural-1--button-1 is-style-ext-preset--button--natural-1--button-1--3\"><a class=\"wp-block-button__link wp-element-button\" href=\"https:\/\/www.darkdiamonds.cz\/en\/sluzby\/\">Zjistit v\u00edce<\/a><\/div>\n<\/div>\n<\/div>\n<\/div>\n<\/div>\n\n\n\n<div class=\"wp-block-column is-vertically-aligned-stretch is-layout-flow wp-block-column-is-layout-flow\">\n<div class=\"wp-block-cover is-style-ext-preset--image--natural-1--image-1--content-right is-style-ext-preset--image--natural-1--image-1--content-right--4\" style=\"min-height:100%;aspect-ratio:unset;\"><img loading=\"lazy\" decoding=\"async\" width=\"683\" height=\"1024\" class=\"wp-block-cover__image-background wp-image-123 size-large\" alt=\"\" src=\"https:\/\/www.darkdiamonds.cz\/wp-content\/uploads\/2026\/01\/file_00000000963471f4bab128ede4cc6344-683x1024.png\" data-object-fit=\"cover\" srcset=\"https:\/\/www.darkdiamonds.cz\/wp-content\/uploads\/2026\/01\/file_00000000963471f4bab128ede4cc6344-683x1024.png 683w, https:\/\/www.darkdiamonds.cz\/wp-content\/uploads\/2026\/01\/file_00000000963471f4bab128ede4cc6344-200x300.png 200w, https:\/\/www.darkdiamonds.cz\/wp-content\/uploads\/2026\/01\/file_00000000963471f4bab128ede4cc6344-768x1152.png 768w, https:\/\/www.darkdiamonds.cz\/wp-content\/uploads\/2026\/01\/file_00000000963471f4bab128ede4cc6344-8x12.png 8w, https:\/\/www.darkdiamonds.cz\/wp-content\/uploads\/2026\/01\/file_00000000963471f4bab128ede4cc6344.png 1024w\" sizes=\"auto, (max-width: 683px) 100vw, 683px\" \/><span aria-hidden=\"true\" class=\"wp-block-cover__background has-background-dim-0 has-background-dim\" style=\"background-color:#5b4132\"><\/span><div class=\"wp-block-cover__inner-container is-layout-flow wp-block-cover-is-layout-flow\">\n<div style=\"height:320px\" aria-hidden=\"true\" class=\"wp-block-spacer\"><\/div>\n<\/div><\/div>\n<\/div>\n<\/div>\n<\/div>","protected":false},"excerpt":{"rendered":"<p>V\u00edtejte v Dark Diamonds Prostoru klidu, diskr\u00e9tnosti a hlubok\u00e9ho uvoln\u011bn\u00ed. N\u00e1\u0161 nov\u00fd dom\u00e1c\u00ed sal\u00f3n se nach\u00e1z\u00ed v novostavb\u011b na kr\u00e1sn\u00e9m klidn\u00e9m m\u00edst\u011b v Brn\u011b &#8211; L\u00ed\u0161ni. Nab\u00edz\u00edme relaxa\u010dn\u011b tantrick\u00e9 mas\u00e1\u017ee, kter\u00e9 pracuj\u00ed s v\u011bdom\u00fdm dotekem, pomalost\u00ed a celkov\u00fdm vn\u00edm\u00e1n\u00edm t\u011bla. Mas\u00e1\u017ee jsou zam\u011b\u0159en\u00e9 na uvoln\u011bn\u00ed nap\u011bt\u00ed, zklidn\u011bn\u00ed mysli a nabr\u00e1n\u00ed nov\u00e9 \u010dist\u00e9 energie. Ka\u017ed\u00e1 mas\u00e1\u017e [&hellip;]<\/p>","protected":false},"author":1,"featured_media":0,"parent":0,"menu_order":0,"comment_status":"closed","ping_status":"closed","template":"no-title","meta":{"om_disable_all_campaigns":false,"_monsterinsights_skip_tracking":false,"_monsterinsights_sitenote_active":false,"_monsterinsights_sitenote_note":"","_monsterinsights_sitenote_category":0,"footnotes":""},"class_list":["post-83","page","type-page","status-publish","hentry"],"aioseo_notices":[],"_links":{"self":[{"href":"https:\/\/www.darkdiamonds.cz\/en\/wp-json\/wp\/v2\/pages\/83","targetHints":{"allow":["GET"]}}],"collection":[{"href":"https:\/\/www.darkdiamonds.cz\/en\/wp-json\/wp\/v2\/pages"}],"about":[{"href":"https:\/\/www.darkdiamonds.cz\/en\/wp-json\/wp\/v2\/types\/page"}],"author":[{"embeddable":true,"href":"https:\/\/www.darkdiamonds.cz\/en\/wp-json\/wp\/v2\/users\/1"}],"replies":[{"embeddable":true,"href":"https:\/\/www.darkdiamonds.cz\/en\/wp-json\/wp\/v2\/comments?post=83"}],"version-history":[{"count":11,"href":"https:\/\/www.darkdiamonds.cz\/en\/wp-json\/wp\/v2\/pages\/83\/revisions"}],"predecessor-version":[{"id":300,"href":"https:\/\/www.darkdiamonds.cz\/en\/wp-json\/wp\/v2\/pages\/83\/revisions\/300"}],"wp:attachment":[{"href":"https:\/\/www.darkdiamonds.cz\/en\/wp-json\/wp\/v2\/media?parent=83"}],"curies":[{"name":"wp","href":"https:\/\/api.w.org\/{rel}","templated":true}]}}